{"id":96,"date":"2026-04-15T14:48:27","date_gmt":"2026-04-15T12:48:27","guid":{"rendered":"https:\/\/wiesgleboczek.pl\/?page_id=96"},"modified":"2026-04-15T14:48:27","modified_gmt":"2026-04-15T12:48:27","slug":"po-sasiedzku","status":"publish","type":"page","link":"https:\/\/wiesgleboczek.pl\/?page_id=96","title":{"rendered":"Po s\u0105siedzku"},"content":{"rendered":"\n<h2 class=\"wp-block-heading\">S\u0105siednie wsie i miejscowo\u015bci<\/h2>\n\n\n\n<p>Linki do stron i inicjatyw naszych s\u0105siad\u00f3w z okolic Puszczy Zielonki i gminy Murowana Go\u015blina.<\/p>\n\n\n\n<h3 class=\"wp-block-heading\">Gmina i samorz\u0105d<\/h3>\n\n\n\n<ul class=\"wp-block-list\">\n<li><a href=\"https:\/\/www.murowana-goslina.pl\" target=\"_blank\" rel=\"noreferrer noopener\">Gmina Murowana Go\u015blina<\/a><\/li>\n<\/ul>\n\n\n\n<h3 class=\"wp-block-heading\">Lasy i przyroda<\/h3>\n\n\n\n<ul class=\"wp-block-list\">\n<li><a href=\"https:\/\/lopuchowko.poznan.lasy.gov.pl\" target=\"_blank\" rel=\"noreferrer noopener\">Nadle\u015bnictwo \u0141opuch\u00f3wko<\/a><\/li>\n\n\n\n<li><a href=\"https:\/\/zpkww.pl\" target=\"_blank\" rel=\"noreferrer noopener\">Zesp\u00f3\u0142 Park\u00f3w Krajobrazowych Wojew\u00f3dztwa Wielkopolskiego<\/a><\/li>\n<\/ul>\n\n\n\n<h3 class=\"wp-block-heading\">Ko\u0142a Gospody\u0144 Wiejskich i inicjatywy lokalne<\/h3>\n\n\n\n<p><em>Tu b\u0119d\u0105 pojawia\u0107 si\u0119 linki do KGW i innych inicjatyw z okolicy. Je\u015bli chcesz doda\u0107 swoj\u0105 organizacj\u0119 \u2014 napisz do nas.<\/em><\/p>\n\n\n\n<h3 class=\"wp-block-heading\">Okoliczne wsie<\/h3>\n\n\n\n<p><em>Znasz stron\u0119 lub grup\u0119 s\u0105siedniej wsi? Ch\u0119tnie tu podlinkujemy.<\/em><\/p>\n","protected":false},"excerpt":{"rendered":"<p>S\u0105siednie wsie i miejscowo\u015bci Linki do stron i inicjatyw naszych s\u0105siad\u00f3w z okolic Puszczy Zielonki i gminy Murowana Go\u015blina. Gmina [&hellip;]<\/p>\n","protected":false},"author":1,"featured_media":0,"parent":0,"menu_order":0,"comment_status":"closed","ping_status":"closed","template":"","meta":{"site-sidebar-layout":"default","site-content-layout":"","ast-site-content-layout":"default","site-content-style":"default","site-sidebar-style":"default","ast-global-header-display":"","ast-banner-title-visibility":"","ast-main-header-display":"","ast-hfb-above-header-display":"","ast-hfb-below-header-display":"","ast-hfb-mobile-header-display":"","site-post-title":"","ast-breadcrumbs-content":"","ast-featured-img":"","footer-sml-layout":"","ast-disable-related-posts":"","theme-transparent-header-meta":"","adv-header-id-meta":"","stick-header-meta":"","header-above-stick-meta":"","header-main-stick-meta":"","header-below-stick-meta":"","astra-migrate-meta-layouts":"default","ast-page-background-enabled":"default","ast-page-background-meta":{"desktop":{"background-color":"var(--ast-global-color-5)","background-image":"","background-repeat":"repeat","background-position":"center center","background-size":"auto","background-attachment":"scroll","background-type":"","background-media":"","overlay-type":"","overlay-color":"","overlay-opacity":"","overlay-gradient":""},"tablet":{"background-color":"","background-image":"","background-repeat":"repeat","background-position":"center center","background-size":"auto","background-attachment":"scroll","background-type":"","background-media":"","overlay-type":"","overlay-color":"","overlay-opacity":"","overlay-gradient":""},"mobile":{"background-color":"","background-image":"","background-repeat":"repeat","background-position":"center center","background-size":"auto","background-attachment":"scroll","background-type":"","background-media":"","overlay-type":"","overlay-color":"","overlay-opacity":"","overlay-gradient":""}},"ast-content-background-meta":{"desktop":{"background-color":"var(--ast-global-color-4)","background-image":"","background-repeat":"repeat","background-position":"center center","background-size":"auto","background-attachment":"scroll","background-type":"","background-media":"","overlay-type":"","overlay-color":"","overlay-opacity":"","overlay-gradient":""},"tablet":{"background-color":"var(--ast-global-color-4)","background-image":"","background-repeat":"repeat","background-position":"center center","background-size":"auto","background-attachment":"scroll","background-type":"","background-media":"","overlay-type":"","overlay-color":"","overlay-opacity":"","overlay-gradient":""},"mobile":{"background-color":"var(--ast-global-color-4)","background-image":"","background-repeat":"repeat","background-position":"center center","background-size":"auto","background-attachment":"scroll","background-type":"","background-media":"","overlay-type":"","overlay-color":"","overlay-opacity":"","overlay-gradient":""}},"footnotes":""},"class_list":["post-96","page","type-page","status-publish","hentry"],"yoast_head":"<!-- This site is optimized with the Yoast SEO plugin v27.4 - https:\/\/yoast.com\/product\/yoast-seo-wordpress\/ -->\n<title>Po s\u0105siedzku - Wie\u015b G\u0142\u0119boczek<\/title>\n<meta name=\"robots\" content=\"index, follow, max-snippet:-1, max-image-preview:large, max-video-preview:-1\" \/>\n<link rel=\"canonical\" href=\"https:\/\/wiesgleboczek.pl\/?page_id=96\" \/>\n<meta property=\"og:locale\" content=\"pl_PL\" \/>\n<meta property=\"og:type\" content=\"article\" \/>\n<meta property=\"og:title\" content=\"Po s\u0105siedzku - Wie\u015b G\u0142\u0119boczek\" \/>\n<meta property=\"og:description\" content=\"S\u0105siednie wsie i miejscowo\u015bci Linki do stron i inicjatyw naszych s\u0105siad\u00f3w z okolic Puszczy Zielonki i gminy Murowana Go\u015blina. Gmina [&hellip;]\" \/>\n<meta property=\"og:url\" content=\"https:\/\/wiesgleboczek.pl\/?page_id=96\" \/>\n<meta property=\"og:site_name\" content=\"Wie\u015b G\u0142\u0119boczek\" \/>\n<meta name=\"twitter:card\" content=\"summary_large_image\" \/>\n<script type=\"application\/ld+json\" class=\"yoast-schema-graph\">{\"@context\":\"https:\\\/\\\/schema.org\",\"@graph\":[{\"@type\":\"WebPage\",\"@id\":\"https:\\\/\\\/wiesgleboczek.pl\\\/?page_id=96\",\"url\":\"https:\\\/\\\/wiesgleboczek.pl\\\/?page_id=96\",\"name\":\"Po s\u0105siedzku - Wie\u015b G\u0142\u0119boczek\",\"isPartOf\":{\"@id\":\"https:\\\/\\\/wiesgleboczek.pl\\\/#website\"},\"datePublished\":\"2026-04-15T12:48:27+00:00\",\"breadcrumb\":{\"@id\":\"https:\\\/\\\/wiesgleboczek.pl\\\/?page_id=96#breadcrumb\"},\"inLanguage\":\"pl-PL\",\"potentialAction\":[{\"@type\":\"ReadAction\",\"target\":[\"https:\\\/\\\/wiesgleboczek.pl\\\/?page_id=96\"]}]},{\"@type\":\"BreadcrumbList\",\"@id\":\"https:\\\/\\\/wiesgleboczek.pl\\\/?page_id=96#breadcrumb\",\"itemListElement\":[{\"@type\":\"ListItem\",\"position\":1,\"name\":\"Strona g\u0142\u00f3wna\",\"item\":\"https:\\\/\\\/wiesgleboczek.pl\\\/\"},{\"@type\":\"ListItem\",\"position\":2,\"name\":\"Po s\u0105siedzku\"}]},{\"@type\":\"WebSite\",\"@id\":\"https:\\\/\\\/wiesgleboczek.pl\\\/#website\",\"url\":\"https:\\\/\\\/wiesgleboczek.pl\\\/\",\"name\":\"Wie\u015b G\u0142\u0119boczek\",\"description\":\"Wie\u015b w sercu Puszczy Zielonki\",\"potentialAction\":[{\"@type\":\"SearchAction\",\"target\":{\"@type\":\"EntryPoint\",\"urlTemplate\":\"https:\\\/\\\/wiesgleboczek.pl\\\/?s={search_term_string}\"},\"query-input\":{\"@type\":\"PropertyValueSpecification\",\"valueRequired\":true,\"valueName\":\"search_term_string\"}}],\"inLanguage\":\"pl-PL\"}]}<\/script>\n<!-- \/ Yoast SEO plugin. -->","yoast_head_json":{"title":"Po s\u0105siedzku - Wie\u015b G\u0142\u0119boczek","robots":{"index":"index","follow":"follow","max-snippet":"max-snippet:-1","max-image-preview":"max-image-preview:large","max-video-preview":"max-video-preview:-1"},"canonical":"https:\/\/wiesgleboczek.pl\/?page_id=96","og_locale":"pl_PL","og_type":"article","og_title":"Po s\u0105siedzku - Wie\u015b G\u0142\u0119boczek","og_description":"S\u0105siednie wsie i miejscowo\u015bci Linki do stron i inicjatyw naszych s\u0105siad\u00f3w z okolic Puszczy Zielonki i gminy Murowana Go\u015blina. Gmina [&hellip;]","og_url":"https:\/\/wiesgleboczek.pl\/?page_id=96","og_site_name":"Wie\u015b G\u0142\u0119boczek","twitter_card":"summary_large_image","schema":{"@context":"https:\/\/schema.org","@graph":[{"@type":"WebPage","@id":"https:\/\/wiesgleboczek.pl\/?page_id=96","url":"https:\/\/wiesgleboczek.pl\/?page_id=96","name":"Po s\u0105siedzku - Wie\u015b G\u0142\u0119boczek","isPartOf":{"@id":"https:\/\/wiesgleboczek.pl\/#website"},"datePublished":"2026-04-15T12:48:27+00:00","breadcrumb":{"@id":"https:\/\/wiesgleboczek.pl\/?page_id=96#breadcrumb"},"inLanguage":"pl-PL","potentialAction":[{"@type":"ReadAction","target":["https:\/\/wiesgleboczek.pl\/?page_id=96"]}]},{"@type":"BreadcrumbList","@id":"https:\/\/wiesgleboczek.pl\/?page_id=96#breadcrumb","itemListElement":[{"@type":"ListItem","position":1,"name":"Strona g\u0142\u00f3wna","item":"https:\/\/wiesgleboczek.pl\/"},{"@type":"ListItem","position":2,"name":"Po s\u0105siedzku"}]},{"@type":"WebSite","@id":"https:\/\/wiesgleboczek.pl\/#website","url":"https:\/\/wiesgleboczek.pl\/","name":"Wie\u015b G\u0142\u0119boczek","description":"Wie\u015b w sercu Puszczy Zielonki","potentialAction":[{"@type":"SearchAction","target":{"@type":"EntryPoint","urlTemplate":"https:\/\/wiesgleboczek.pl\/?s={search_term_string}"},"query-input":{"@type":"PropertyValueSpecification","valueRequired":true,"valueName":"search_term_string"}}],"inLanguage":"pl-PL"}]}},"_links":{"self":[{"href":"https:\/\/wiesgleboczek.pl\/index.php?rest_route=\/wp\/v2\/pages\/96","targetHints":{"allow":["GET"]}}],"collection":[{"href":"https:\/\/wiesgleboczek.pl\/index.php?rest_route=\/wp\/v2\/pages"}],"about":[{"href":"https:\/\/wiesgleboczek.pl\/index.php?rest_route=\/wp\/v2\/types\/page"}],"author":[{"embeddable":true,"href":"https:\/\/wiesgleboczek.pl\/index.php?rest_route=\/wp\/v2\/users\/1"}],"replies":[{"embeddable":true,"href":"https:\/\/wiesgleboczek.pl\/index.php?rest_route=%2Fwp%2Fv2%2Fcomments&post=96"}],"version-history":[{"count":0,"href":"https:\/\/wiesgleboczek.pl\/index.php?rest_route=\/wp\/v2\/pages\/96\/revisions"}],"wp:attachment":[{"href":"https:\/\/wiesgleboczek.pl\/index.php?rest_route=%2Fwp%2Fv2%2Fmedia&parent=96"}],"curies":[{"name":"wp","href":"https:\/\/api.w.org\/{rel}","templated":true}]}}